{"id":84,"date":"2025-04-29T21:42:43","date_gmt":"2025-04-29T21:42:43","guid":{"rendered":"https:\/\/praktikant.thkit.ee\/reactjs\/?page_id=84"},"modified":"2025-05-02T16:52:05","modified_gmt":"2025-05-02T16:52:05","slug":"mis-on-react-js","status":"publish","type":"page","link":"https:\/\/praktikant.thkit.ee\/reactjs\/mis-on-react-js\/","title":{"rendered":"Mis on React.js?"},"content":{"rendered":"\n<p>Mis on react.js?<br>On JavaScripti teek kasutajaliideste loomiseks, eriti \u00fcheleheliste rakenduste jaoks, kus soovite kiiret, d\u00fcnaamilist ja interaktiivset veebikogemust. Selle t\u00f6\u00f6tas v\u00e4lja Meta (endise nimega Facebook).<\/p>\n\n\n\n<p>Reactist on olemas ka teine \u200b\u200bversioon, mida nimetatakse react native&#8217;iks.<\/p>\n\n\n\n<p>Mis vahe on Reactil ja React Native&#8217;il?<br>Plain React on loodud veebirakenduste jaoks, React Native aga mobiilirakenduste loomiseks.<\/p>\n\n\n\n<p><\/p>\n","protected":false},"excerpt":{"rendered":"<p>Mis on react.js?On JavaScripti teek kasutajaliideste loomiseks, eriti \u00fcheleheliste rakenduste jaoks, kus soovite kiiret, d\u00fcnaamilist ja interaktiivset veebikogemust. Selle t\u00f6\u00f6tas v\u00e4lja Meta (endise nimega Facebook). Reactist on olemas ka teine \u200b\u200bversioon, mida nimetatakse react native&#8217;iks. Mis vahe on Reactil ja React Native&#8217;il?Plain React on loodud veebirakenduste jaoks, React Native aga mobiilirakenduste loomiseks.<\/p>\n","protected":false},"author":1,"featured_media":0,"parent":0,"menu_order":0,"comment_status":"closed","ping_status":"closed","template":"","meta":{"footnotes":""},"class_list":["post-84","page","type-page","status-publish"],"_links":{"self":[{"href":"https:\/\/praktikant.thkit.ee\/reactjs\/wp-json\/wp\/v2\/pages\/84","targetHints":{"allow":["GET"]}}],"collection":[{"href":"https:\/\/praktikant.thkit.ee\/reactjs\/wp-json\/wp\/v2\/pages"}],"about":[{"href":"https:\/\/praktikant.thkit.ee\/reactjs\/wp-json\/wp\/v2\/types\/page"}],"author":[{"embeddable":true,"href":"https:\/\/praktikant.thkit.ee\/reactjs\/wp-json\/wp\/v2\/users\/1"}],"replies":[{"embeddable":true,"href":"https:\/\/praktikant.thkit.ee\/reactjs\/wp-json\/wp\/v2\/comments?post=84"}],"version-history":[{"count":2,"href":"https:\/\/praktikant.thkit.ee\/reactjs\/wp-json\/wp\/v2\/pages\/84\/revisions"}],"predecessor-version":[{"id":101,"href":"https:\/\/praktikant.thkit.ee\/reactjs\/wp-json\/wp\/v2\/pages\/84\/revisions\/101"}],"wp:attachment":[{"href":"https:\/\/praktikant.thkit.ee\/reactjs\/wp-json\/wp\/v2\/media?parent=84"}],"curies":[{"name":"wp","href":"https:\/\/api.w.org\/{rel}","templated":true}]}}