{"id":87,"date":"2025-04-29T21:42:57","date_gmt":"2025-04-29T21:42:57","guid":{"rendered":"https:\/\/praktikant.thkit.ee\/reactjs\/?page_id=87"},"modified":"2025-05-02T16:56:47","modified_gmt":"2025-05-02T16:56:47","slug":"kaivita-koodi","status":"publish","type":"page","link":"https:\/\/praktikant.thkit.ee\/reactjs\/kaivita-koodi\/","title":{"rendered":"k\u00e4ivita koodi"},"content":{"rendered":"\n<p>P\u00e4rast k\u00f5ige installimist kl\u00f5psake programmi k\u00e4ivitamiseks rohelisel kolmnurgal.<\/p>\n\n\n<div class=\"wp-block-image\">\n<figure class=\"aligncenter size-large\"><img loading=\"lazy\" decoding=\"async\" width=\"1024\" height=\"560\" src=\"https:\/\/praktikant.thkit.ee\/reactjs\/wp-content\/uploads\/2025\/04\/image-4-1024x560.png\" alt=\"\" class=\"wp-image-19\" srcset=\"https:\/\/praktikant.thkit.ee\/reactjs\/wp-content\/uploads\/2025\/04\/image-4-1024x560.png 1024w, https:\/\/praktikant.thkit.ee\/reactjs\/wp-content\/uploads\/2025\/04\/image-4-300x164.png 300w, https:\/\/praktikant.thkit.ee\/reactjs\/wp-content\/uploads\/2025\/04\/image-4-768x420.png 768w, https:\/\/praktikant.thkit.ee\/reactjs\/wp-content\/uploads\/2025\/04\/image-4-1536x840.png 1536w, https:\/\/praktikant.thkit.ee\/reactjs\/wp-content\/uploads\/2025\/04\/image-4.png 1920w\" sizes=\"auto, (max-width: 1024px) 100vw, 1024px\" \/><\/figure>\n<\/div>\n\n\n<ul class=\"wp-block-list\">\n<li>P\u00e4rast programmi k\u00e4ivitamise kl\u00f5psamist k\u00fcsib Windows Defender v\u00f5rgu\u00f5iguste saamiseks juurdep\u00e4\u00e4su s\u00f5lme k\u00e4itusajale. Lihtsalt lubage see. Kui te seda ei tee, ei p\u00e4\u00e4se te veebibrauseris \u00fchelegi lehele juurde.<\/li>\n<\/ul>\n\n\n<div class=\"wp-block-image\">\n<figure class=\"aligncenter size-full\"><img loading=\"lazy\" decoding=\"async\" width=\"527\" height=\"381\" src=\"https:\/\/praktikant.thkit.ee\/reactjs\/wp-content\/uploads\/2025\/04\/image-5.png\" alt=\"\" class=\"wp-image-20\" srcset=\"https:\/\/praktikant.thkit.ee\/reactjs\/wp-content\/uploads\/2025\/04\/image-5.png 527w, https:\/\/praktikant.thkit.ee\/reactjs\/wp-content\/uploads\/2025\/04\/image-5-300x217.png 300w\" sizes=\"auto, (max-width: 527px) 100vw, 527px\" \/><\/figure>\n<\/div>\n\n\n<p>Siin on meil vaikimisi mallireageerimisrakendus.<\/p>\n\n\n<div class=\"wp-block-image\">\n<figure class=\"aligncenter size-large\"><img loading=\"lazy\" decoding=\"async\" width=\"1024\" height=\"560\" src=\"https:\/\/praktikant.thkit.ee\/reactjs\/wp-content\/uploads\/2025\/04\/image-6-1024x560.png\" alt=\"\" class=\"wp-image-22\" srcset=\"https:\/\/praktikant.thkit.ee\/reactjs\/wp-content\/uploads\/2025\/04\/image-6-1024x560.png 1024w, https:\/\/praktikant.thkit.ee\/reactjs\/wp-content\/uploads\/2025\/04\/image-6-300x164.png 300w, https:\/\/praktikant.thkit.ee\/reactjs\/wp-content\/uploads\/2025\/04\/image-6-768x420.png 768w, https:\/\/praktikant.thkit.ee\/reactjs\/wp-content\/uploads\/2025\/04\/image-6-1536x840.png 1536w, https:\/\/praktikant.thkit.ee\/reactjs\/wp-content\/uploads\/2025\/04\/image-6.png 1920w\" sizes=\"auto, (max-width: 1024px) 100vw, 1024px\" \/><\/figure>\n<\/div>","protected":false},"excerpt":{"rendered":"<p>P\u00e4rast k\u00f5ige installimist kl\u00f5psake programmi k\u00e4ivitamiseks rohelisel kolmnurgal. Siin on meil vaikimisi mallireageerimisrakendus.<\/p>\n","protected":false},"author":1,"featured_media":0,"parent":0,"menu_order":0,"comment_status":"closed","ping_status":"closed","template":"","meta":{"footnotes":""},"class_list":["post-87","page","type-page","status-publish"],"_links":{"self":[{"href":"https:\/\/praktikant.thkit.ee\/reactjs\/wp-json\/wp\/v2\/pages\/87","targetHints":{"allow":["GET"]}}],"collection":[{"href":"https:\/\/praktikant.thkit.ee\/reactjs\/wp-json\/wp\/v2\/pages"}],"about":[{"href":"https:\/\/praktikant.thkit.ee\/reactjs\/wp-json\/wp\/v2\/types\/page"}],"author":[{"embeddable":true,"href":"https:\/\/praktikant.thkit.ee\/reactjs\/wp-json\/wp\/v2\/users\/1"}],"replies":[{"embeddable":true,"href":"https:\/\/praktikant.thkit.ee\/reactjs\/wp-json\/wp\/v2\/comments?post=87"}],"version-history":[{"count":2,"href":"https:\/\/praktikant.thkit.ee\/reactjs\/wp-json\/wp\/v2\/pages\/87\/revisions"}],"predecessor-version":[{"id":105,"href":"https:\/\/praktikant.thkit.ee\/reactjs\/wp-json\/wp\/v2\/pages\/87\/revisions\/105"}],"wp:attachment":[{"href":"https:\/\/praktikant.thkit.ee\/reactjs\/wp-json\/wp\/v2\/media?parent=87"}],"curies":[{"name":"wp","href":"https:\/\/api.w.org\/{rel}","templated":true}]}}